{"id":617,"date":"2024-01-16T10:59:33","date_gmt":"2024-01-16T10:59:33","guid":{"rendered":"http:\/\/www.francevoyancebonjour.com\/?page_id=617"},"modified":"2024-01-30T13:51:51","modified_gmt":"2024-01-30T13:51:51","slug":"alexis-dorian","status":"publish","type":"page","link":"https:\/\/www.francevoyancebonjour.com\/index.php\/voyants\/alexis-dorian\/","title":{"rendered":"Alexis DORIAN"},"content":{"rendered":"\n<p><style>\/<em>! elementor - v3.18.0 - 08-12-2023 *\/<br \/>\n.elementor-heading-title{padding:0;margin:0;line-height:1}.elementor-widget-heading .elementor-heading-title[class<\/em>=elementor-size-]>a{color:inherit;font-size:inherit;line-height:inherit}.elementor-widget-heading .elementor-heading-title.elementor-size-small{font-size:15px}.elementor-widget-heading .elementor-heading-title.elementor-size-medium{font-size:19px}.elementor-widget-heading .elementor-heading-title.elementor-size-large{font-size:29px}.elementor-widget-heading .elementor-heading-title.elementor-size-xl{font-size:39px}.elementor-widget-heading .elementor-heading-title.elementor-size-xxl{font-size:59px}<\/style><\/p>\n\n\n\n<h2 class=\"wp-block-heading has-text-align-center\"><strong><em><mark style=\"background-color:rgba(0, 0, 0, 0)\" class=\"has-inline-color has-header-gradient-color\">Alexis Dorian<\/mark><\/em><\/strong><\/h2>\n\n\n<div class=\"wp-block-image\">\n<figure class=\"aligncenter size-full is-resized\"><img data-recalc-dims=\"1\" fetchpriority=\"high\" decoding=\"async\" width=\"480\" height=\"548\" data-attachment-id=\"16979\" data-permalink=\"https:\/\/www.francevoyancebonjour.com\/alexis-2023\/\" data-orig-file=\"https:\/\/i0.wp.com\/www.francevoyancebonjour.com\/wp-content\/uploads\/2023\/12\/alexis-2023.jpg?fit=480%2C548&amp;ssl=1\" data-orig-size=\"480,548\" data-comments-opened=\"1\" data-image-meta=\"{&quot;aperture&quot;:&quot;0&quot;,&quot;credit&quot;:&quot;&quot;,&quot;camera&quot;:&quot;&quot;,&quot;caption&quot;:&quot;&quot;,&quot;created_timestamp&quot;:&quot;0&quot;,&quot;copyright&quot;:&quot;&quot;,&quot;focal_length&quot;:&quot;0&quot;,&quot;iso&quot;:&quot;0&quot;,&quot;shutter_speed&quot;:&quot;0&quot;,&quot;title&quot;:&quot;&quot;,&quot;orientation&quot;:&quot;1&quot;}\" data-image-title=\"alexis 2023\" data-image-description=\"\" data-image-caption=\"\" data-large-file=\"https:\/\/i0.wp.com\/www.francevoyancebonjour.com\/wp-content\/uploads\/2023\/12\/alexis-2023.jpg?fit=480%2C548&amp;ssl=1\" src=\"https:\/\/i0.wp.com\/www.francevoyancebonjour.com\/wp-content\/uploads\/2023\/12\/alexis-2023.jpg?resize=480%2C548&#038;ssl=1\" alt=\"\" class=\"wp-image-16979\" style=\"width:279px;height:auto\" srcset=\"https:\/\/i0.wp.com\/www.francevoyancebonjour.com\/wp-content\/uploads\/2023\/12\/alexis-2023.jpg?w=480&amp;ssl=1 480w, https:\/\/i0.wp.com\/www.francevoyancebonjour.com\/wp-content\/uploads\/2023\/12\/alexis-2023.jpg?resize=263%2C300&amp;ssl=1 263w\" sizes=\"(max-width: 480px) 100vw, 480px\" \/><\/figure>\n<\/div>\n\n\n<pre class=\"wp-block-code\"><code>\n<\/code><\/pre>\n\n\n\n<p><em><strong><mark style=\"background-color:rgba(0, 0, 0, 0)\" class=\"has-inline-color has-header-gradient-color\">Alexis DORIAN<\/mark><\/strong><\/em> est M\u00e9dium de naissance. Il entend (sons, voix) , \u00e0 des flashs (visions, images), sent des odeurs et a de forts ressentis.\u00a0<\/p>\n\n\n\n<p>C&rsquo;est un m\u00e9dium, tarologue,&nbsp; sp\u00e9cialiste des d\u00e9gagements, des d\u00e9blocages.<\/p>\n\n\n\n<p><em><strong><mark style=\"background-color:rgba(0, 0, 0, 0)\" class=\"has-inline-color has-header-gradient-color\">Alexis<\/mark><\/strong><\/em> a consult\u00e9 de nombreuses ann\u00e9es sur \u00ab\u00a0les Grands Boulevards\u00a0\u00bb\u00a0 Paris 10\u00e9me, \u00e0 c\u00f4t\u00e9 du th\u00e9\u00e2tre du Gymnase, d&rsquo;o\u00f9 ses\u00a0 amiti\u00e9s avec de nombreux artistes.<\/p>\n\n\n\n<p>En 2003, il change son parcours de vie et d\u00e9cide de s&rsquo;entourer d&rsquo;une \u00e9quipe de professionnels de la voyance.<\/p>\n\n\n\n<p><em><strong><mark style=\"background-color:rgba(0, 0, 0, 0)\" class=\"has-inline-color has-header-gradient-color\">Alexis DORIAN<\/mark>\u00a0<\/strong><\/em> reprend la direction du cabinet\u00a0 \u00ab\u00a0<strong>France Voyance Bonjour<\/strong>\u00a0\u00bb situ\u00e9 dans le 20\u00e8me arrondissement de Paris (m\u00e9tro Gambetta).<\/p>\n\n\n\n<p><em><strong><mark style=\"background-color:rgba(0, 0, 0, 0)\" class=\"has-inline-color has-header-gradient-color\">Alexis DORIAN<\/mark><\/strong><\/em> apporte ses conseils et r\u00e9pond \u00e0 vos questions tous les mercredis sur la radio<strong> France<\/strong> <strong>Maghreb<\/strong> (99.5FM) de 15 h \u00e0 16 h.<\/p>\n\n\n<div class=\"wp-block-image\">\n<figure class=\"aligncenter size-full is-resized\"><img data-recalc-dims=\"1\" decoding=\"async\" width=\"225\" height=\"107\" data-attachment-id=\"17077\" data-permalink=\"https:\/\/www.francevoyancebonjour.com\/images_002\/\" data-orig-file=\"https:\/\/i0.wp.com\/www.francevoyancebonjour.com\/wp-content\/uploads\/2024\/01\/images_002.png?fit=225%2C107&amp;ssl=1\" data-orig-size=\"225,107\" data-comments-opened=\"1\" data-image-meta=\"{&quot;aperture&quot;:&quot;0&quot;,&quot;credit&quot;:&quot;&quot;,&quot;camera&quot;:&quot;&quot;,&quot;caption&quot;:&quot;&quot;,&quot;created_timestamp&quot;:&quot;0&quot;,&quot;copyright&quot;:&quot;&quot;,&quot;focal_length&quot;:&quot;0&quot;,&quot;iso&quot;:&quot;0&quot;,&quot;shutter_speed&quot;:&quot;0&quot;,&quot;title&quot;:&quot;&quot;,&quot;orientation&quot;:&quot;0&quot;}\" data-image-title=\"images_002\" data-image-description=\"\" data-image-caption=\"\" data-large-file=\"https:\/\/i0.wp.com\/www.francevoyancebonjour.com\/wp-content\/uploads\/2024\/01\/images_002.png?fit=225%2C107&amp;ssl=1\" src=\"https:\/\/i0.wp.com\/www.francevoyancebonjour.com\/wp-content\/uploads\/2024\/01\/images_002.png?resize=225%2C107&#038;ssl=1\" alt=\"\" class=\"wp-image-17077\" style=\"width:273px;height:auto\"\/><\/figure>\n<\/div>\n\n\n<p><strong><em><mark style=\"background-color:rgba(0, 0, 0, 0)\" class=\"has-inline-color has-header-gradient-color\">Alexis <\/mark><\/em><\/strong> exerce avec bienveillance et sinc\u00e9rit\u00e9 en apportant \u00e0 ses \u00ab\u00a0patients\u00a0\u00bb le meilleur de sa mediumnit\u00e9.<\/p>\n\n\n<div class=\"wp-block-image\">\n<figure class=\"aligncenter\"><img data-recalc-dims=\"1\" decoding=\"async\" src=\"https:\/\/i0.wp.com\/www.francevoyancebonjour.com\/wp-content\/uploads\/2022\/08\/imagesCAWWSHFY.jpg?ssl=1\" alt=\"\"\/><\/figure>\n<\/div>","protected":false},"excerpt":{"rendered":"<p>Alexis Dorian Alexis DORIAN est M\u00e9dium de naissance. Il entend (sons, voix) , \u00e0 des flashs (visions, images), sent des odeurs et a de forts ressentis.\u00a0 C&rsquo;est un m\u00e9dium, tarologue,&nbsp; sp\u00e9cialiste des d\u00e9gagements, des d\u00e9blocages. Alexis a consult\u00e9 de nombreuses ann\u00e9es sur \u00ab\u00a0les Grands Boulevards\u00a0\u00bb\u00a0 Paris 10\u00e9me, \u00e0 c\u00f4t\u00e9 du th\u00e9\u00e2tre du Gymnase, d&rsquo;o\u00f9 ses\u00a0 [&hellip;]<\/p>\n","protected":false},"author":1,"featured_media":0,"parent":106,"menu_order":1,"comment_status":"closed","ping_status":"closed","template":"","meta":{"advanced_seo_description":"","jetpack_seo_html_title":"","jetpack_seo_noindex":false,"jetpack_post_was_ever_published":false,"footnotes":""},"class_list":["post-617","page","type-page","status-publish","hentry"],"jetpack_sharing_enabled":false,"jetpack_shortlink":"https:\/\/wp.me\/P582Vs-9X","_links":{"self":[{"href":"https:\/\/www.francevoyancebonjour.com\/index.php\/wp-json\/wp\/v2\/pages\/617","targetHints":{"allow":["GET"]}}],"collection":[{"href":"https:\/\/www.francevoyancebonjour.com\/index.php\/wp-json\/wp\/v2\/pages"}],"about":[{"href":"https:\/\/www.francevoyancebonjour.com\/index.php\/wp-json\/wp\/v2\/types\/page"}],"author":[{"embeddable":true,"href":"https:\/\/www.francevoyancebonjour.com\/index.php\/wp-json\/wp\/v2\/users\/1"}],"replies":[{"embeddable":true,"href":"https:\/\/www.francevoyancebonjour.com\/index.php\/wp-json\/wp\/v2\/comments?post=617"}],"version-history":[{"count":48,"href":"https:\/\/www.francevoyancebonjour.com\/index.php\/wp-json\/wp\/v2\/pages\/617\/revisions"}],"predecessor-version":[{"id":17082,"href":"https:\/\/www.francevoyancebonjour.com\/index.php\/wp-json\/wp\/v2\/pages\/617\/revisions\/17082"}],"up":[{"embeddable":true,"href":"https:\/\/www.francevoyancebonjour.com\/index.php\/wp-json\/wp\/v2\/pages\/106"}],"wp:attachment":[{"href":"https:\/\/www.francevoyancebonjour.com\/index.php\/wp-json\/wp\/v2\/media?parent=617"}],"curies":[{"name":"wp","href":"https:\/\/api.w.org\/{rel}","templated":true}]}}