{"id":18710,"date":"2026-02-17T13:33:43","date_gmt":"2026-02-17T13:33:43","guid":{"rendered":"https:\/\/www.francevoyancebonjour.com\/?page_id=18710"},"modified":"2026-02-17T14:12:22","modified_gmt":"2026-02-17T14:12:22","slug":"horoscope-chinois","status":"publish","type":"page","link":"https:\/\/www.francevoyancebonjour.com\/index.php\/horoscope-chinois\/","title":{"rendered":"Horoscope Chinois"},"content":{"rendered":"\n<p><\/p>\n\n\n\n<p><\/p>\n\n\n\n<p><\/p>\n\n\n\n<p><\/p>\n\n\n<div class=\"wp-block-image is-style-rounded\">\n<figure class=\"aligncenter size-full\"><img data-recalc-dims=\"1\" fetchpriority=\"high\" decoding=\"async\" width=\"1000\" height=\"545\" data-attachment-id=\"18713\" data-permalink=\"https:\/\/www.francevoyancebonjour.com\/index.php\/horoscope-chinois\/f046179db18b0198db1ff56b41e75136\/\" data-orig-file=\"https:\/\/i0.wp.com\/www.francevoyancebonjour.com\/wp-content\/uploads\/2026\/02\/f046179db18b0198db1ff56b41e75136.jpg?fit=1000%2C545&amp;ssl=1\" data-orig-size=\"1000,545\" data-comments-opened=\"1\" data-image-meta=\"{&quot;aperture&quot;:&quot;0&quot;,&quot;credit&quot;:&quot;&quot;,&quot;camera&quot;:&quot;&quot;,&quot;caption&quot;:&quot;&quot;,&quot;created_timestamp&quot;:&quot;0&quot;,&quot;copyright&quot;:&quot;&quot;,&quot;focal_length&quot;:&quot;0&quot;,&quot;iso&quot;:&quot;0&quot;,&quot;shutter_speed&quot;:&quot;0&quot;,&quot;title&quot;:&quot;&quot;,&quot;orientation&quot;:&quot;0&quot;}\" data-image-title=\"f046179db18b0198db1ff56b41e75136\" data-image-description=\"\" data-image-caption=\"\" data-medium-file=\"https:\/\/i0.wp.com\/www.francevoyancebonjour.com\/wp-content\/uploads\/2026\/02\/f046179db18b0198db1ff56b41e75136.jpg?fit=300%2C164&amp;ssl=1\" data-large-file=\"https:\/\/i0.wp.com\/www.francevoyancebonjour.com\/wp-content\/uploads\/2026\/02\/f046179db18b0198db1ff56b41e75136.jpg?fit=1000%2C545&amp;ssl=1\" src=\"https:\/\/i0.wp.com\/www.francevoyancebonjour.com\/wp-content\/uploads\/2026\/02\/f046179db18b0198db1ff56b41e75136.jpg?resize=1000%2C545&#038;ssl=1\" alt=\"\" class=\"wp-image-18713\" style=\"aspect-ratio:1.835431429762401\" srcset=\"https:\/\/i0.wp.com\/www.francevoyancebonjour.com\/wp-content\/uploads\/2026\/02\/f046179db18b0198db1ff56b41e75136.jpg?w=1000&amp;ssl=1 1000w, https:\/\/i0.wp.com\/www.francevoyancebonjour.com\/wp-content\/uploads\/2026\/02\/f046179db18b0198db1ff56b41e75136.jpg?resize=300%2C164&amp;ssl=1 300w, https:\/\/i0.wp.com\/www.francevoyancebonjour.com\/wp-content\/uploads\/2026\/02\/f046179db18b0198db1ff56b41e75136.jpg?resize=768%2C419&amp;ssl=1 768w\" sizes=\"(max-width: 1000px) 100vw, 1000px\" \/><\/figure>\n<\/div>\n\n\n<p><\/p>\n\n\n\n<p><\/p>\n\n\n\n<p><\/p>\n\n\n\n<p class=\"has-text-align-center\"><strong><em><mark style=\"background-color:rgba(0, 0, 0, 0);color:#cf0808\" class=\"has-inline-color\">La nouvelle lune marque l&rsquo;entr\u00e9e dans l&rsquo;ann\u00e9e du Cheval de Feu.<\/mark><\/em><\/strong><mark style=\"background-color:rgba(0, 0, 0, 0)\" class=\"has-inline-color has-kubio-color-6-color\"> <\/mark><\/p>\n\n\n\n<p><mark style=\"background-color:rgba(0, 0, 0, 0)\" class=\"has-inline-color has-kubio-color-6-color\">\u00c0 cette date, des millions de familles en Asie, mais \u00e9galement \u00e0 travers le monde, c\u00e9l\u00e8breront le Nouvel an lunaire, commun\u00e9ment appel\u00e9 Nouvel an chinois.<\/mark><\/p>\n\n\n\n<p><\/p>\n\n\n\n<p><\/p>\n\n\n\n<p><\/p>\n\n\n<div class=\"wp-block-image is-style-rounded\">\n<figure class=\"aligncenter size-full\"><img data-recalc-dims=\"1\" decoding=\"async\" width=\"736\" height=\"401\" data-attachment-id=\"18712\" data-permalink=\"https:\/\/www.francevoyancebonjour.com\/index.php\/horoscope-chinois\/f506d6fd07b39ebedfc4bc28d5f5d02b-2\/\" data-orig-file=\"https:\/\/i0.wp.com\/www.francevoyancebonjour.com\/wp-content\/uploads\/2026\/02\/f506d6fd07b39ebedfc4bc28d5f5d02b-1.jpg?fit=736%2C401&amp;ssl=1\" data-orig-size=\"736,401\" data-comments-opened=\"1\" data-image-meta=\"{&quot;aperture&quot;:&quot;0&quot;,&quot;credit&quot;:&quot;&quot;,&quot;camera&quot;:&quot;&quot;,&quot;caption&quot;:&quot;&quot;,&quot;created_timestamp&quot;:&quot;0&quot;,&quot;copyright&quot;:&quot;&quot;,&quot;focal_length&quot;:&quot;0&quot;,&quot;iso&quot;:&quot;0&quot;,&quot;shutter_speed&quot;:&quot;0&quot;,&quot;title&quot;:&quot;&quot;,&quot;orientation&quot;:&quot;0&quot;}\" data-image-title=\"f506d6fd07b39ebedfc4bc28d5f5d02b\" data-image-description=\"\" data-image-caption=\"\" data-medium-file=\"https:\/\/i0.wp.com\/www.francevoyancebonjour.com\/wp-content\/uploads\/2026\/02\/f506d6fd07b39ebedfc4bc28d5f5d02b-1.jpg?fit=300%2C163&amp;ssl=1\" data-large-file=\"https:\/\/i0.wp.com\/www.francevoyancebonjour.com\/wp-content\/uploads\/2026\/02\/f506d6fd07b39ebedfc4bc28d5f5d02b-1.jpg?fit=736%2C401&amp;ssl=1\" src=\"https:\/\/i0.wp.com\/www.francevoyancebonjour.com\/wp-content\/uploads\/2026\/02\/f506d6fd07b39ebedfc4bc28d5f5d02b-1.jpg?resize=736%2C401&#038;ssl=1\" alt=\"\" class=\"wp-image-18712\" srcset=\"https:\/\/i0.wp.com\/www.francevoyancebonjour.com\/wp-content\/uploads\/2026\/02\/f506d6fd07b39ebedfc4bc28d5f5d02b-1.jpg?w=736&amp;ssl=1 736w, https:\/\/i0.wp.com\/www.francevoyancebonjour.com\/wp-content\/uploads\/2026\/02\/f506d6fd07b39ebedfc4bc28d5f5d02b-1.jpg?resize=300%2C163&amp;ssl=1 300w\" sizes=\"(max-width: 736px) 100vw, 736px\" \/><\/figure>\n<\/div>\n\n\n<p><\/p>\n\n\n\n<p><\/p>\n\n\n\n<p><\/p>\n\n\n\n<p>Le <strong><em><mark style=\"background-color:rgba(0, 0, 0, 0);color:#cf0808\" class=\"has-inline-color\">17 f\u00e9vrier 2026<\/mark><\/em><\/strong> marquera le d\u00e9but d&rsquo;une ann\u00e9e vibrante sous l&rsquo;\u00e9gide du <strong><em><mark style=\"background-color:rgba(0, 0, 0, 0);color:#cf0808\" class=\"has-inline-color\">Cheval de Feu<\/mark><\/em><\/strong>. <\/p>\n\n\n\n<p>Dans l&rsquo;astrologie chinoise, cette combinaison ne se produit que tous les 60 ans, faisant de <strong><em>2026 une p\u00e9riode exceptionnelle<\/em><\/strong> de mouvement, d&rsquo;audace et de transformations profondes.<\/p>\n\n\n\n<p><\/p>\n\n\n\n<p><\/p>\n\n\n\n<h3 class=\"wp-block-heading\">\ud83d\udc0e <strong><em><mark style=\"background-color:rgba(0, 0, 0, 0);color:#cf0808\" class=\"has-inline-color\">Le Temp\u00e9rament du Cheval de Feu<\/mark><\/em><\/strong><\/h3>\n\n\n\n<p><\/p>\n\n\n\n<p>Le Cheval est d\u00e9j\u00e0 un signe de libert\u00e9 et de vitalit\u00e9. Lorsqu&rsquo;il rencontre l&rsquo;\u00e9l\u00e9ment <strong>Feu<\/strong>, son caract\u00e8re s&rsquo;intensifie. C&rsquo;est un profil :<\/p>\n\n\n\n<ul class=\"wp-block-list\">\n<li><strong><em><mark style=\"background-color:rgba(0, 0, 0, 0);color:#cf0808\" class=\"has-inline-color\">Indomptable <\/mark><\/em>:<\/strong> \u00c9pris de libert\u00e9, il d\u00e9teste les entraves.<\/li>\n\n\n\n<li><strong><em><mark style=\"background-color:rgba(0, 0, 0, 0);color:#cf0808\" class=\"has-inline-color\">Charismatique<\/mark><\/em> :<\/strong> Il attire les regards et m\u00e8ne les projets avec une passion contagieuse.<\/li>\n\n\n\n<li><strong><em><mark style=\"background-color:rgba(0, 0, 0, 0);color:#cf0808\" class=\"has-inline-color\">Impulsif <\/mark><\/em>:<\/strong> Son \u00e9nergie est celle d&rsquo;un galop effr\u00e9n\u00e9 ; il agit vite, parfois avant de r\u00e9fl\u00e9chir.<\/li>\n<\/ul>\n\n\n\n<p><\/p>\n\n\n\n<p><\/p>\n\n\n\n<p><\/p>\n\n\n<div class=\"wp-block-image is-style-rounded\">\n<figure class=\"aligncenter size-large is-resized\"><img data-recalc-dims=\"1\" decoding=\"async\" width=\"1024\" height=\"1024\" data-attachment-id=\"18714\" data-permalink=\"https:\/\/www.francevoyancebonjour.com\/index.php\/horoscope-chinois\/48972336f29dd990df9abf7113f602ff\/\" data-orig-file=\"https:\/\/i0.wp.com\/www.francevoyancebonjour.com\/wp-content\/uploads\/2026\/02\/48972336f29dd990df9abf7113f602ff.jpg?fit=1200%2C1200&amp;ssl=1\" data-orig-size=\"1200,1200\" data-comments-opened=\"1\" data-image-meta=\"{&quot;aperture&quot;:&quot;0&quot;,&quot;credit&quot;:&quot;&quot;,&quot;camera&quot;:&quot;&quot;,&quot;caption&quot;:&quot;&quot;,&quot;created_timestamp&quot;:&quot;0&quot;,&quot;copyright&quot;:&quot;&quot;,&quot;focal_length&quot;:&quot;0&quot;,&quot;iso&quot;:&quot;0&quot;,&quot;shutter_speed&quot;:&quot;0&quot;,&quot;title&quot;:&quot;&quot;,&quot;orientation&quot;:&quot;0&quot;}\" data-image-title=\"48972336f29dd990df9abf7113f602ff\" data-image-description=\"\" data-image-caption=\"\" data-medium-file=\"https:\/\/i0.wp.com\/www.francevoyancebonjour.com\/wp-content\/uploads\/2026\/02\/48972336f29dd990df9abf7113f602ff.jpg?fit=300%2C300&amp;ssl=1\" data-large-file=\"https:\/\/i0.wp.com\/www.francevoyancebonjour.com\/wp-content\/uploads\/2026\/02\/48972336f29dd990df9abf7113f602ff.jpg?fit=1024%2C1024&amp;ssl=1\" src=\"https:\/\/i0.wp.com\/www.francevoyancebonjour.com\/wp-content\/uploads\/2026\/02\/48972336f29dd990df9abf7113f602ff.jpg?resize=1024%2C1024&#038;ssl=1\" alt=\"\" class=\"wp-image-18714\" style=\"width:269px;height:auto\" srcset=\"https:\/\/i0.wp.com\/www.francevoyancebonjour.com\/wp-content\/uploads\/2026\/02\/48972336f29dd990df9abf7113f602ff.jpg?resize=1024%2C1024&amp;ssl=1 1024w, https:\/\/i0.wp.com\/www.francevoyancebonjour.com\/wp-content\/uploads\/2026\/02\/48972336f29dd990df9abf7113f602ff.jpg?resize=300%2C300&amp;ssl=1 300w, https:\/\/i0.wp.com\/www.francevoyancebonjour.com\/wp-content\/uploads\/2026\/02\/48972336f29dd990df9abf7113f602ff.jpg?resize=150%2C150&amp;ssl=1 150w, https:\/\/i0.wp.com\/www.francevoyancebonjour.com\/wp-content\/uploads\/2026\/02\/48972336f29dd990df9abf7113f602ff.jpg?resize=768%2C768&amp;ssl=1 768w, https:\/\/i0.wp.com\/www.francevoyancebonjour.com\/wp-content\/uploads\/2026\/02\/48972336f29dd990df9abf7113f602ff.jpg?w=1200&amp;ssl=1 1200w\" sizes=\"(max-width: 1000px) 100vw, 1000px\" \/><\/figure>\n<\/div>\n\n\n<p><\/p>\n\n\n\n<p><\/p>\n\n\n\n<p><\/p>\n\n\n\n<p><\/p>\n\n\n\n<h3 class=\"wp-block-heading\">\ud83d\udd25 <strong><em><mark style=\"background-color:rgba(0, 0, 0, 0);color:#cf0808\" class=\"has-inline-color\">\u00c0 quoi s&rsquo;attendre pour cette ann\u00e9e 2026 ?<\/mark><\/em><\/strong><\/h3>\n\n\n\n<p><\/p>\n\n\n\n<p>L&rsquo;ann\u00e9e du Cheval de Feu est rarement reposante. C&rsquo;est un cycle de <strong>grands changements<\/strong> et d&rsquo;initiatives audacieuses.<\/p>\n\n\n\n<p><\/p>\n\n\n\n<p><\/p>\n\n\n\n<figure class=\"wp-block-table\"><table class=\"has-fixed-layout\"><thead><tr><td><strong>Domaine<\/strong><\/td><td><strong>Influence du Cheval de Feu<\/strong><\/td><\/tr><\/thead><tbody><tr><td><strong>Action<\/strong><\/td><td>Une p\u00e9riode id\u00e9ale pour lancer des projets ambitieux et innovants.<\/td><\/tr><tr><td><strong>Social<\/strong><\/td><td>Une vie sociale intense, marqu\u00e9e par des rencontres passionn\u00e9es et des d\u00e9bats vifs.<\/td><\/tr><tr><td><strong>\u00c9conomie<\/strong><\/td><td>Des mouvements rapides, de l&rsquo;enthousiasme, mais une n\u00e9cessit\u00e9 de prudence face \u00e0 l&rsquo;instabilit\u00e9.<\/td><\/tr><\/tbody><\/table><\/figure>\n\n\n\n<p><\/p>\n\n\n\n<p><\/p>\n\n\n\n<p><\/p>\n\n\n<div class=\"wp-block-image is-style-rounded\">\n<figure class=\"aligncenter size-large is-resized\"><img data-recalc-dims=\"1\" loading=\"lazy\" decoding=\"async\" width=\"1024\" height=\"640\" data-attachment-id=\"18715\" data-permalink=\"https:\/\/www.francevoyancebonjour.com\/index.php\/horoscope-chinois\/annee-du-cheval-de-feu-chine-1080x675\/\" data-orig-file=\"https:\/\/i0.wp.com\/www.francevoyancebonjour.com\/wp-content\/uploads\/2026\/02\/annee-du-cheval-de-feu-chine-1080x675-1.jpg?fit=1080%2C675&amp;ssl=1\" data-orig-size=\"1080,675\" data-comments-opened=\"1\" data-image-meta=\"{&quot;aperture&quot;:&quot;0&quot;,&quot;credit&quot;:&quot;&quot;,&quot;camera&quot;:&quot;&quot;,&quot;caption&quot;:&quot;&quot;,&quot;created_timestamp&quot;:&quot;0&quot;,&quot;copyright&quot;:&quot;&quot;,&quot;focal_length&quot;:&quot;0&quot;,&quot;iso&quot;:&quot;0&quot;,&quot;shutter_speed&quot;:&quot;0&quot;,&quot;title&quot;:&quot;&quot;,&quot;orientation&quot;:&quot;0&quot;}\" data-image-title=\"annee-du-cheval-de-feu-chine-1080&amp;#215;675\" data-image-description=\"\" data-image-caption=\"\" data-medium-file=\"https:\/\/i0.wp.com\/www.francevoyancebonjour.com\/wp-content\/uploads\/2026\/02\/annee-du-cheval-de-feu-chine-1080x675-1.jpg?fit=300%2C188&amp;ssl=1\" data-large-file=\"https:\/\/i0.wp.com\/www.francevoyancebonjour.com\/wp-content\/uploads\/2026\/02\/annee-du-cheval-de-feu-chine-1080x675-1.jpg?fit=1024%2C640&amp;ssl=1\" src=\"https:\/\/i0.wp.com\/www.francevoyancebonjour.com\/wp-content\/uploads\/2026\/02\/annee-du-cheval-de-feu-chine-1080x675-1.jpg?resize=1024%2C640&#038;ssl=1\" alt=\"\" class=\"wp-image-18715\" style=\"width:309px;height:auto\" srcset=\"https:\/\/i0.wp.com\/www.francevoyancebonjour.com\/wp-content\/uploads\/2026\/02\/annee-du-cheval-de-feu-chine-1080x675-1.jpg?resize=1024%2C640&amp;ssl=1 1024w, https:\/\/i0.wp.com\/www.francevoyancebonjour.com\/wp-content\/uploads\/2026\/02\/annee-du-cheval-de-feu-chine-1080x675-1.jpg?resize=300%2C188&amp;ssl=1 300w, https:\/\/i0.wp.com\/www.francevoyancebonjour.com\/wp-content\/uploads\/2026\/02\/annee-du-cheval-de-feu-chine-1080x675-1.jpg?resize=768%2C480&amp;ssl=1 768w, https:\/\/i0.wp.com\/www.francevoyancebonjour.com\/wp-content\/uploads\/2026\/02\/annee-du-cheval-de-feu-chine-1080x675-1.jpg?w=1080&amp;ssl=1 1080w\" sizes=\"(max-width: 1000px) 100vw, 1000px\" \/><\/figure>\n<\/div>\n\n\n<p><\/p>\n\n\n\n<p><\/p>\n\n\n\n<p><\/p>\n\n\n\n<h3 class=\"wp-block-heading\">\ud83d\udca1<strong><em><mark style=\"background-color:rgba(0, 0, 0, 0);color:#cf0808\" class=\"has-inline-color\"> Conseils pour traverser l&rsquo;ann\u00e9e<\/mark><\/em><\/strong><\/h3>\n\n\n\n<p><\/p>\n\n\n\n<p><\/p>\n\n\n\n<p>Pour tirer le meilleur parti de cette \u00e9nergie bouillonnante, il faudra apprendre \u00e0 <strong>canaliser le feu<\/strong> sans se laisser br\u00fbler :<\/p>\n\n\n\n<p><\/p>\n\n\n\n<ol start=\"1\" class=\"wp-block-list\">\n<li><strong><em><mark style=\"background-color:rgba(0, 0, 0, 0);color:#cf0808\" class=\"has-inline-color\">Saisissez les opportunit\u00e9s<\/mark><\/em> :<\/strong> La chance sourit aux audacieux cette ann\u00e9e.<\/li>\n\n\n\n<li><strong><em><mark style=\"background-color:rgba(0, 0, 0, 0);color:#cf0808\" class=\"has-inline-color\">Gardez votre sang-froid<\/mark><\/em> :<\/strong> L&rsquo;impulsivit\u00e9 du Cheval peut mener \u00e0 des d\u00e9cisions h\u00e2tives. Prenez le temps de respirer.<\/li>\n\n\n\n<li><strong><em><mark style=\"background-color:rgba(0, 0, 0, 0);color:#cf0808\" class=\"has-inline-color\">Bougez<\/mark><\/em> :<\/strong> C&rsquo;est une ann\u00e9e physique. Le sport et les voyages seront vos meilleurs alli\u00e9s pour \u00e9vacuer le surplus d&rsquo;\u00e9nergie.<\/li>\n<\/ol>\n\n\n\n<p><\/p>\n\n\n\n<p><\/p>\n\n\n\n<p><\/p>\n\n\n<div class=\"wp-block-image is-style-default\">\n<figure class=\"aligncenter size-full is-resized\"><img data-recalc-dims=\"1\" loading=\"lazy\" decoding=\"async\" width=\"1200\" height=\"1200\" data-attachment-id=\"18722\" data-permalink=\"https:\/\/www.francevoyancebonjour.com\/index.php\/horoscope-chinois\/9a08494130abb0be647b2c2e744baece\/\" data-orig-file=\"https:\/\/i0.wp.com\/www.francevoyancebonjour.com\/wp-content\/uploads\/2026\/02\/9a08494130abb0be647b2c2e744baece.jpg?fit=1200%2C1200&amp;ssl=1\" data-orig-size=\"1200,1200\" data-comments-opened=\"1\" data-image-meta=\"{&quot;aperture&quot;:&quot;0&quot;,&quot;credit&quot;:&quot;&quot;,&quot;camera&quot;:&quot;&quot;,&quot;caption&quot;:&quot;&quot;,&quot;created_timestamp&quot;:&quot;0&quot;,&quot;copyright&quot;:&quot;&quot;,&quot;focal_length&quot;:&quot;0&quot;,&quot;iso&quot;:&quot;0&quot;,&quot;shutter_speed&quot;:&quot;0&quot;,&quot;title&quot;:&quot;&quot;,&quot;orientation&quot;:&quot;0&quot;}\" data-image-title=\"9a08494130abb0be647b2c2e744baece\" data-image-description=\"\" data-image-caption=\"\" data-medium-file=\"https:\/\/i0.wp.com\/www.francevoyancebonjour.com\/wp-content\/uploads\/2026\/02\/9a08494130abb0be647b2c2e744baece.jpg?fit=300%2C300&amp;ssl=1\" data-large-file=\"https:\/\/i0.wp.com\/www.francevoyancebonjour.com\/wp-content\/uploads\/2026\/02\/9a08494130abb0be647b2c2e744baece.jpg?fit=1024%2C1024&amp;ssl=1\" src=\"https:\/\/i0.wp.com\/www.francevoyancebonjour.com\/wp-content\/uploads\/2026\/02\/9a08494130abb0be647b2c2e744baece.jpg?resize=1200%2C1200&#038;ssl=1\" alt=\"\" class=\"wp-image-18722\" style=\"aspect-ratio:0.7500178100733775;width:254px;height:auto\" srcset=\"https:\/\/i0.wp.com\/www.francevoyancebonjour.com\/wp-content\/uploads\/2026\/02\/9a08494130abb0be647b2c2e744baece.jpg?w=1200&amp;ssl=1 1200w, https:\/\/i0.wp.com\/www.francevoyancebonjour.com\/wp-content\/uploads\/2026\/02\/9a08494130abb0be647b2c2e744baece.jpg?resize=300%2C300&amp;ssl=1 300w, https:\/\/i0.wp.com\/www.francevoyancebonjour.com\/wp-content\/uploads\/2026\/02\/9a08494130abb0be647b2c2e744baece.jpg?resize=1024%2C1024&amp;ssl=1 1024w, https:\/\/i0.wp.com\/www.francevoyancebonjour.com\/wp-content\/uploads\/2026\/02\/9a08494130abb0be647b2c2e744baece.jpg?resize=150%2C150&amp;ssl=1 150w, https:\/\/i0.wp.com\/www.francevoyancebonjour.com\/wp-content\/uploads\/2026\/02\/9a08494130abb0be647b2c2e744baece.jpg?resize=768%2C768&amp;ssl=1 768w\" sizes=\"(max-width: 1000px) 100vw, 1000px\" \/><\/figure>\n<\/div>\n\n\n<p><\/p>\n\n\n\n<p><\/p>\n\n\n\n<p><\/p>\n\n\n\n<p class=\"has-text-align-center\"><em>A titre indicatif, voici un calendrier des signes du Cheval et leur \u00e9l\u00e9ment :<\/em><\/p>\n\n\n\n<p>Si vous \u00eates du signe du <strong>Cheval<\/strong>, vous \u00eates n\u00e9 durant l&rsquo;une des p\u00e9riodes suivantes :<\/p>\n\n\n\n<figure class=\"wp-block-table\"><table class=\"has-fixed-layout\"><thead><tr><td><strong>Ann\u00e9e de naissance<\/strong><\/td><td><strong>\u00c9l\u00e9ment associ\u00e9<\/strong><\/td><\/tr><\/thead><tbody><tr><td>11 f\u00e9v. <strong>1942<\/strong> \u2013 04 f\u00e9v. 1943<\/td><td>Eau<\/td><\/tr><tr><td>03 f\u00e9v. <strong>1954<\/strong> \u2013 23 janv. 1955<\/td><td>Bois<\/td><\/tr><tr><td>21 janv. <strong>1966<\/strong> \u2013 08 f\u00e9v. 1967<\/td><td>Feu<\/td><\/tr><tr><td>07 f\u00e9v. <strong>1978<\/strong> \u2013 27 janv. 1979<\/td><td>Terre<\/td><\/tr><tr><td>27 janv. <strong>1990<\/strong> \u2013 14 f\u00e9v. 1991<\/td><td>M\u00e9tal<\/td><\/tr><tr><td>12 f\u00e9v. <strong>2002<\/strong> \u2013 31 janv. 2003<\/td><td>Eau<\/td><\/tr><tr><td>31 janv. <strong>2014<\/strong> \u2013 18 f\u00e9v. 2015<\/td><td>Bois<\/td><\/tr><tr><td>17 f\u00e9v. <strong>2026<\/strong> \u2013 05 f\u00e9v. 2027<\/td><td>Feu (C&rsquo;est l&rsquo;ann\u00e9e actuelle !)<\/td><\/tr><\/tbody><\/table><\/figure>\n\n\n\n<p><\/p>\n\n\n\n<p><\/p>\n\n\n\n<p><\/p>\n\n\n\n<p><\/p>\n\n\n<div class=\"wp-block-image is-style-rounded\">\n<figure class=\"aligncenter size-full is-resized\"><img data-recalc-dims=\"1\" loading=\"lazy\" decoding=\"async\" width=\"720\" height=\"960\" data-attachment-id=\"18720\" data-permalink=\"https:\/\/www.francevoyancebonjour.com\/index.php\/horoscope-chinois\/193fa076d6a33aafc88261c48774bb7d-2\/\" data-orig-file=\"https:\/\/i0.wp.com\/www.francevoyancebonjour.com\/wp-content\/uploads\/2026\/02\/193fa076d6a33aafc88261c48774bb7d-1.jpg?fit=720%2C960&amp;ssl=1\" data-orig-size=\"720,960\" data-comments-opened=\"1\" data-image-meta=\"{&quot;aperture&quot;:&quot;0&quot;,&quot;credit&quot;:&quot;&quot;,&quot;camera&quot;:&quot;&quot;,&quot;caption&quot;:&quot;&quot;,&quot;created_timestamp&quot;:&quot;0&quot;,&quot;copyright&quot;:&quot;&quot;,&quot;focal_length&quot;:&quot;0&quot;,&quot;iso&quot;:&quot;0&quot;,&quot;shutter_speed&quot;:&quot;0&quot;,&quot;title&quot;:&quot;&quot;,&quot;orientation&quot;:&quot;0&quot;}\" data-image-title=\"193fa076d6a33aafc88261c48774bb7d\" data-image-description=\"\" data-image-caption=\"\" data-medium-file=\"https:\/\/i0.wp.com\/www.francevoyancebonjour.com\/wp-content\/uploads\/2026\/02\/193fa076d6a33aafc88261c48774bb7d-1.jpg?fit=225%2C300&amp;ssl=1\" data-large-file=\"https:\/\/i0.wp.com\/www.francevoyancebonjour.com\/wp-content\/uploads\/2026\/02\/193fa076d6a33aafc88261c48774bb7d-1.jpg?fit=720%2C960&amp;ssl=1\" src=\"https:\/\/i0.wp.com\/www.francevoyancebonjour.com\/wp-content\/uploads\/2026\/02\/193fa076d6a33aafc88261c48774bb7d-1.jpg?resize=720%2C960&#038;ssl=1\" alt=\"\" class=\"wp-image-18720\" style=\"aspect-ratio:0.7500178100733775;width:253px;height:auto\" srcset=\"https:\/\/i0.wp.com\/www.francevoyancebonjour.com\/wp-content\/uploads\/2026\/02\/193fa076d6a33aafc88261c48774bb7d-1.jpg?w=720&amp;ssl=1 720w, https:\/\/i0.wp.com\/www.francevoyancebonjour.com\/wp-content\/uploads\/2026\/02\/193fa076d6a33aafc88261c48774bb7d-1.jpg?resize=225%2C300&amp;ssl=1 225w\" sizes=\"(max-width: 720px) 100vw, 720px\" \/><\/figure>\n<\/div>\n\n\n<p><\/p>\n","protected":false},"excerpt":{"rendered":"<p>La nouvelle lune marque l&rsquo;entr\u00e9e dans l&rsquo;ann\u00e9e du Cheval de Feu. \u00c0 cette date, des millions de familles en Asie, mais \u00e9galement \u00e0 travers le monde, c\u00e9l\u00e8breront le Nouvel an lunaire, commun\u00e9ment appel\u00e9 Nouvel an chinois. Le 17 f\u00e9vrier 2026 marquera le d\u00e9but d&rsquo;une ann\u00e9e vibrante sous l&rsquo;\u00e9gide du Cheval de Feu. Dans l&rsquo;astrologie chinoise, [&hellip;]<\/p>\n","protected":false},"author":1,"featured_media":0,"parent":0,"menu_order":0,"comment_status":"closed","ping_status":"closed","template":"","meta":{"advanced_seo_description":"","jetpack_seo_html_title":"","jetpack_seo_noindex":false,"jetpack_post_was_ever_published":false,"footnotes":""},"class_list":["post-18710","page","type-page","status-publish","hentry"],"jetpack_sharing_enabled":true,"jetpack_shortlink":"https:\/\/wp.me\/P582Vs-4RM","_links":{"self":[{"href":"https:\/\/www.francevoyancebonjour.com\/index.php\/wp-json\/wp\/v2\/pages\/18710","targetHints":{"allow":["GET"]}}],"collection":[{"href":"https:\/\/www.francevoyancebonjour.com\/index.php\/wp-json\/wp\/v2\/pages"}],"about":[{"href":"https:\/\/www.francevoyancebonjour.com\/index.php\/wp-json\/wp\/v2\/types\/page"}],"author":[{"embeddable":true,"href":"https:\/\/www.francevoyancebonjour.com\/index.php\/wp-json\/wp\/v2\/users\/1"}],"replies":[{"embeddable":true,"href":"https:\/\/www.francevoyancebonjour.com\/index.php\/wp-json\/wp\/v2\/comments?post=18710"}],"version-history":[{"count":4,"href":"https:\/\/www.francevoyancebonjour.com\/index.php\/wp-json\/wp\/v2\/pages\/18710\/revisions"}],"predecessor-version":[{"id":18727,"href":"https:\/\/www.francevoyancebonjour.com\/index.php\/wp-json\/wp\/v2\/pages\/18710\/revisions\/18727"}],"wp:attachment":[{"href":"https:\/\/www.francevoyancebonjour.com\/index.php\/wp-json\/wp\/v2\/media?parent=18710"}],"curies":[{"name":"wp","href":"https:\/\/api.w.org\/{rel}","templated":true}]}}