{"id":18120,"date":"2025-03-12T11:22:00","date_gmt":"2025-03-12T11:22:00","guid":{"rendered":"https:\/\/www.francevoyancebonjour.com\/index.php\/front_page\/"},"modified":"2025-05-30T14:09:40","modified_gmt":"2025-05-30T14:09:40","slug":"front_page","status":"publish","type":"page","link":"https:\/\/www.francevoyancebonjour.com\/","title":{"rendered":"Accueil"},"content":{"rendered":"\t\t<div data-elementor-type=\"wp-page\" data-elementor-id=\"18120\" class=\"elementor elementor-18120\">\n\t\t\t\t\t\t<section class=\"elementor-section elementor-top-section elementor-element elementor-element-581cd2b4 elementor-section-boxed elementor-section-height-default elementor-section-height-default\" data-id=\"581cd2b4\" data-element_type=\"section\" data-e-type=\"section\">\n\t\t\t\t\t\t<div class=\"elementor-container elementor-column-gap-default\">\n\t\t\t\t\t<div class=\"elementor-column elementor-col-100 elementor-top-column elementor-element elementor-element-1d6d0aeb\" data-id=\"1d6d0aeb\" data-element_type=\"column\" data-e-type=\"column\">\n\t\t\t<div class=\"elementor-widget-wrap elementor-element-populated\">\n\t\t\t\t\t\t<div class=\"elementor-element elementor-element-4f17e9fb elementor-widget elementor-widget-text-editor\" data-id=\"4f17e9fb\" data-element_type=\"widget\" data-e-type=\"widget\" data-widget_type=\"text-editor.default\">\n\t\t\t\t<div class=\"elementor-widget-container\">\n\t\t\t\t\t\t\t\t\t<p>Que vous soyez \u00e0 la recherche de r\u00e9ponses concernant vos relations affectives, votre carri\u00e8re professionnelle ou tout autre aspect de votre vie,<br \/><em><strong>France Voyance Bonjour<\/strong><\/em> est l\u00e0 pour vous accompagner. Notre \u00e9quipe de voyants travaille avec d\u00e9vouements et professionnalisme pour offrir des consultations personnalis\u00e9es et pr\u00e9cises adapt\u00e9es \u00e0 vos besoins sp\u00e9cifiques.<\/p>\n<p>En qu\u00eate constante de qualit\u00e9, <em><strong>France Voyance Bonjour<\/strong><\/em> est devenu une r\u00e9f\u00e9rence en mati\u00e8re de voyance \u00e0 Paris. Nous croyons en la magie de l&rsquo;intuition et nous nous effor\u00e7ons d&rsquo;utiliser cette force pour aider nos consultants \u00e0 trouver des r\u00e9ponses et \u00e0 prendre des d\u00e9cisions \u00e9clair\u00e9es.<\/p>\n<p class=\"has-text-align-left\"><strong><em>France Voyance Bonjour<\/em><\/strong> situ\u00e9 au <em>11, rue de la Chine Paris 20<\/em> est bien plus qu&rsquo;un simple cabinet de voyance. C&rsquo;est un endroit o\u00f9 les esprits s&rsquo;ouvrent, o\u00f9 les \u00e2mes se connectent et o\u00f9 les r\u00e9ponses trouvent leur chemin vers vous. Rejoignez-nous et d\u00e9couvrez le pouvoir transformateur de la voyance, de la mediumnit\u00e9, du tarot de Marseille et enfin de la cartomancie.<\/p>\n<p class=\"has-text-align-center\">Pour prendre rendez-vous avec l&rsquo;un de nos voyants, n&rsquo;h\u00e9sitez pas \u00e0 nous contacter au :<\/p>\n<p style=\"text-align: center;\">\u00a0 \u00a0 \u00a0 \u00a0 \u00a0 \u00a0 \u00a0 \u00a0 \u00a0 \u00a0 \u00a0 \u00a0 \u00a0 \u00a0 \u00a0 \u00a0 \u00a0 \u00a0 \u00a0 \u00a0 \u00a0 \u00a0 \u00a0 \u00a0 \u00a0 \u00a0 \u00a0 <strong>01.43.66.62.25<\/strong><\/p>\n<p>Notre \u00e9quipe se fera un plaisir de r\u00e9pondre \u00e0 toutes vos questions et de planifier une consultation en cabinet ou par t\u00e9l\u00e9phone qui vous apportera clart\u00e9, r\u00e9confort et s\u00e9r\u00e9nit\u00e9. Prenez le temps de vous arr\u00eater un instant, de respirer et de prendre soin de vous.<\/p>\n<p><em><strong>FRANCE VOYANCE BONJOUR<\/strong><\/em> vous attends pour une exp\u00e9rience unique et enrichissante.<\/p>\n<p><!-- \/wp:html --><!-- wp:html --><\/p>\n<p>\u00a0<\/p>\n<p>\u00a0<\/p>\n<h6 style=\"text-align: center;\"><em>CB PAIEMENT PAR CARTE BANCAIRE VOYANCE PAR TELEPHONE TOUS LES JOURS DE 10H A 22H VOYANCE DE QUALITE\u00a0<\/em><\/h6>\n<p><!-- \/wp:html --><!-- wp:kubio\/section {\"kubio\":{\"styleRef\":\"J2WwZO4Bia\",\"style\":{\"descendants\":{\"outer\":{\"background\":{\"color\":\"rgba(var(\\u002d\\u002dkubio-color-6),0.04)\"}}}},\"hash\":\"78nh8ApRh\"},\"attrs\":{\"name\":\"blog\"},\"anchor\":\"blog\"} --><!-- wp:kubio\/row {\"kubio\":{\"styleRef\":\"HTYd2YaH2\",\"props\":{\"meta\":{\"isHeader\":true},\"layout\":{\"itemsPerRow\":1,\"equalWidth\":false,\"equalHeight\":true,\"horizontalAlign\":\"start\",\"horizontalGap\":3,\"verticalGap\":3},\"media\":{\"mobile\":{\"layout\":{\"horizontalGap\":2,\"verticalGap\":2}},\"tablet\":{\"layout\":{\"verticalGap\":2,\"horizontalGap\":2}}}},\"hash\":\"Wr87AJd-z\"}} --><!-- wp:kubio\/column {\"kubio\":{\"styleRef\":\"amd4ckIIhb\",\"_style\":{\"descendants\":{\"container\":{\"columnWidth\":{\"type\":\"flexgrow\",\"custom\":{\"value\":70,\"unit\":\"%\"}}}}},\"hash\":\"86UGZpOHb\",\"style\":{\"descendants\":{\"inner\":{\"media\":{\"mobile\":{\"textAlign\":\"center\"}},\"textAlign\":\"center\"}}},\"props\":{\"media\":{\"mobile\":{\"layout\":{\"horizontalInnerGap\":2,\"verticalInnerGap\":2}},\"tablet\":{\"layout\":{\"verticalInnerGap\":2}}},\"layout\":{\"horizontalInnerGap\":0,\"verticalInnerGap\":0,\"verticalAlign\":\"center\"}}}} --><!-- wp:kubio\/heading {\"kubio\":{\"styleRef\":\"Ri40ZXp-QS\",\"props\":{\"level\":2},\"hash\":\"OtEsn58kG\",\"style\":{\"descendants\":{\"text\":{\"media\":{\"mobile\":{\"typography\":{\"size\":{\"value\":2.5,\"unit\":\"em\"}}},\"tablet\":{\"typography\":{\"size\":{\"value\":2.5,\"unit\":\"em\"}}}}}}}}} --><\/p>\n<p>\u00a0<\/p>\n<p><!-- \/wp:kubio\/heading --><!-- \/wp:kubio\/column --><!-- \/wp:kubio\/row --><!-- wp:kubio\/row {\"kubio\":{\"styleRef\":\"xWMrPm7fn\",\"props\":{\"layout\":{\"itemsPerRow\":1,\"custom\":[{\"type\":\"custom\",\"custom\":{\"value\":100,\"unit\":\"%\"}}],\"equalHeight\":true,\"equalWidth\":false,\"horizontalGap\":0,\"verticalGap\":0},\"media\":{\"tablet\":{\"layout\":{\"verticalGap\":0,\"horizontalGap\":0}},\"mobile\":{\"layout\":{\"verticalGap\":2,\"horizontalGap\":2}}}},\"hash\":\"oB_8xuIqdF\"}} --><!-- wp:kubio\/column {\"kubio\":{\"styleRef\":\"ZkeCOS7DvS\",\"_style\":{\"descendants\":{\"container\":{\"columnWidth\":{\"type\":\"custom\",\"custom\":{\"value\":100,\"unit\":\"%\"}}}}},\"hash\":\"hJSMnEdGf\",\"style\":{\"descendants\":{\"inner\":{\"media\":{\"tablet\":{\"textAlign\":\"left\"}},\"textAlign\":\"left\"}}},\"props\":{\"media\":{\"tablet\":{\"layout\":{\"horizontalInnerGap\":0,\"verticalInnerGap\":0}},\"mobile\":{\"layout\":{\"horizontalInnerGap\":2,\"verticalInnerGap\":2}}},\"layout\":{\"horizontalInnerGap\":0,\"verticalInnerGap\":0}}}} --><!-- wp:kubio\/query {\"queryId\":2,\"query\":{\"perPage\":4,\"pages\":1,\"offset\":0,\"postType\":\"post\",\"categoryIds\":[],\"tagIds\":[],\"order\":\"desc\",\"orderBy\":\"date\",\"author\":\"\",\"search\":\"\",\"exclude\":[\"7\"],\"sticky\":\"\"},\"kubio\":{\"styleRef\":\"nYIC6wfcET\"}} --><!-- wp:kubio\/query-loop {\"kubio\":{\"styleRef\":\"0oEwbAS0K\",\"props\":{\"layout\":{\"equalWidth\":true,\"equalHeight\":true,\"itemsPerRow\":4,\"verticalAlign\":\"start\",\"horizontalAlign\":\"start\",\"horizontalGap\":2,\"verticalGap\":2,\"horizontalInnerGap\":2,\"verticalInnerGap\":2},\"media\":{\"tablet\":{\"layout\":{\"itemsPerRow\":2,\"horizontalGap\":2}}}},\"hash\":\"CGE7KJHMG\"},\"anchor\":\"post-list\"} --><!-- wp:kubio\/query-loop-item {\"kubio\":{\"styleRef\":\"QtetVXHJ9I\",\"style\":{\"descendants\":{\"inner\":{\"margin\":{\"bottom\":{\"value\":0,\"unit\":\"px\"},\"top\":{\"value\":0,\"unit\":\"px\"},\"left\":{\"value\":0,\"unit\":\"px\"},\"right\":{\"value\":0,\"unit\":\"px\"}},\"boxShadow\":{\"enabled\":false,\"layers\":[{\"color\":\"rgba(0, 0, 0, 0.2)\",\"blur\":\"71\",\"spread\":\"-10\",\"x\":\"0\",\"y\":\"19\",\"inset\":\"\"}]},\"padding\":{\"bottom\":{\"value\":\"\",\"unit\":\"px\"},\"top\":{\"value\":\"\",\"unit\":\"px\"},\"left\":{\"value\":\"\",\"unit\":\"px\"},\"right\":{\"value\":\"\",\"unit\":\"px\"}},\"border\":{\"right\":{\"radius\":{\"left\":{\"value\":8,\"unit\":\"px\"},\"right\":{\"value\":8,\"unit\":\"px\"}}},\"left\":{\"radius\":{\"left\":{\"value\":8,\"unit\":\"px\"},\"right\":{\"value\":8,\"unit\":\"px\"}}}},\"textAlign\":\"left\",\"background\":{\"color\":\"rgba(var(\\u002d\\u002dkubio-color-5),1)\"}}}},\"props\":{\"layout\":{\"horizontalInnerGap\":0,\"verticalInnerGap\":0,\"vSpace\":{\"value\":0,\"unit\":\"px\"}},\"media\":{\"tablet\":{\"layout\":{\"verticalInnerGap\":0,\"horizontalInnerGap\":0}}}},\"hash\":\"iUDT4Znwd\"}} --><!-- wp:kubio\/row {\"kubio\":{\"styleRef\":\"nwFey2Gqea\",\"props\":{\"layout\":{\"itemsPerRow\":1,\"equalWidth\":false,\"equalHeight\":true,\"verticalGap\":0,\"horizontalGap\":0}},\"hash\":\"MgXkAdO9Vd\"}} --><!-- wp:kubio\/column {\"kubio\":{\"styleRef\":\"LhD5PdqFDy\",\"props\":{\"layout\":{\"horizontalInnerGap\":0,\"verticalInnerGap\":0,\"vSpace\":{\"value\":0,\"unit\":\"px\"}}},\"_style\":{\"descendants\":{\"container\":{\"columnWidth\":{\"type\":\"flexgrow\"},\"media\":{\"tablet\":{\"columnWidth\":{\"type\":\"flexgrow\"}},\"mobile\":{\"columnWidth\":{\"type\":\"flexgrow\"}}}}}},\"hash\":\"WBVdq3H7U\",\"style\":{\"descendants\":{\"inner\":{\"textAlign\":\"left\",\"media\":{\"tablet\":{\"padding\":{\"bottom\":{\"value\":10,\"unit\":\"px\"}}}}}}}}} --><!-- wp:kubio\/post-featured-image {\"kubio\":{\"styleRef\":\"iE82N7AEu\",\"hash\":\"wnUKdrfCJ\",\"style\":{\"descendants\":{\"container\":{\"background\":{\"color\":\"rgba(var(\\u002d\\u002dkubio-color-6-variant-1),1)\"}}}},\"props\":{\"aspectRatio\":\"4-3\"}},\"showPlaceholder\":true,\"addLink\":true} \/--><!-- wp:kubio\/row {\"kubio\":{\"styleRef\":\"ybKo-X6tjyg\",\"props\":{\"layout\":{\"equalHeight\":true,\"equalWidth\":false},\"media\":{\"mobile\":{\"layout\":{\"horizontalGap\":2}}}},\"hash\":\"Ah1Fie3l_\"}} --><!-- wp:kubio\/column {\"kubio\":{\"styleRef\":\"tOPgdjKpGNt\",\"style\":{\"descendants\":{\"inner\":{\"textAlign\":\"left\"}}},\"_style\":{\"descendants\":{\"container\":{\"columnWidth\":{\"type\":\"custom\",\"custom\":{\"value\":100,\"unit\":\"%\"}},\"media\":{\"mobile\":{\"columnWidth\":{\"type\":\"custom\",\"custom\":{\"value\":100,\"unit\":\"%\"}}}}}}},\"hash\":\"XbFbFLrFq\",\"props\":{\"layout\":{\"vSpace\":{\"value\":20,\"unit\":\"px\"}}}}} --><!-- wp:kubio\/post-title {\"kubio\":{\"styleRef\":\"tstzQ_uACq\",\"hash\":\"FqZrBRHFh\",\"style\":{\"descendants\":{\"container\":{\"margin\":{\"bottom\":{\"value\":-20,\"unit\":\"px\"}}}}}},\"headingType\":\"h4\"} \/--><!-- wp:kubio\/post-meta {\"kubio\":{\"styleRef\":\"in2mlwF4a\",\"hash\":\"_m1uVoPYD\",\"style\":{\"descendants\":{\"metaDataContainer\":{\"justifyContent\":\"flex-start\"},\"metaDataLinks\":{\"typography\":{\"color\":\"rgba(var(\\u002d\\u002dkubio-color-6),1)\",\"weight\":300,\"size\":{\"value\":13,\"unit\":\"px\"}}},\"metaDataPrefix\":{\"typography\":{\"weight\":300,\"size\":{\"value\":13,\"unit\":\"px\"},\"color\":\"rgba(var(\\u002d\\u002dkubio-color-5-variant-3),1)\"}},\"metaDataSuffix\":{\"typography\":{\"weight\":300,\"size\":{\"value\":13,\"unit\":\"px\"}}},\"icons\":{\"fill\":\"rgba(var(\\u002d\\u002dkubio-color-6),1)\"},\"separators\":{\"padding\":{\"left\":{\"value\":4,\"unit\":\"px\"},\"right\":{\"value\":4,\"unit\":\"px\"}},\"typography\":{\"color\":\"rgba(var(\\u002d\\u002dkubio-color-6),1)\"}}}}},\"showIcons\":false,\"dateFormat\":\"F j\",\"metadata\":[{\"value\":\"author\",\"name\":\"Author\",\"check\":true,\"icon\":\"icons8-line-awesome\/user\",\"id\":0,\"prefix\":\"Written by\",\"suffix\":\"\"},{\"value\":\"date\",\"name\":\"Date\",\"check\":true,\"icon\":\"icons8-line-awesome\/calendar\",\"id\":1,\"prefix\":\"on\",\"suffix\":\"\"},{\"value\":\"time\",\"name\":\"Time\",\"check\":false,\"icon\":\"font-awesome\/clock-o\",\"id\":2,\"prefix\":\"\",\"suffix\":\"\"},{\"value\":\"comments\",\"name\":\"Comments\",\"check\":false,\"icon\":\"font-awesome\/comment\",\"id\":3,\"prefix\":\"\",\"suffix\":\"\"}]} \/--><!-- wp:kubio\/post-excerpt {\"kubio\":{\"styleRef\":\"-hWWlFyCEF\",\"hash\":\"fQTIkB1Lv\"},\"wordCount\":10} \/--><!-- wp:kubio\/read-more-button {\"kubio\":{\"styleRef\":\"7TrnS1SQ70\",\"props\":{\"buttonWidth\":\"fitToContent\",\"iconPosition\":\"after\",\"showIcon\":false,\"buttonSize\":\"medium\",\"horizontalAlign\":\"center\"},\"style\":{\"descendants\":{\"link\":{\"textAlign\":\"center\",\"border\":{\"top\":{\"width\":{\"value\":0,\"unit\":\"px\"}},\"bottom\":{\"width\":{\"value\":0,\"unit\":\"px\"}},\"right\":{\"width\":{\"value\":0,\"unit\":\"px\"}},\"left\":{\"width\":{\"value\":0,\"unit\":\"px\"}}},\"states\":{\"hover\":{\"typography\":{\"color\":\"rgba(var(\\u002d\\u002dkubio-color-2),1)\"}}},\"typography\":{\"color\":\"rgba(var(\\u002d\\u002dkubio-color-1),1)\",\"decoration\":\"underline\"}},\"icon\":{\"size\":{\"unit\":\"px\",\"value\":\"12\"},\"margin\":{\"left\":{\"value\":10,\"unit\":\"px\"},\"right\":{\"value\":0,\"unit\":\"px\"}}},\"spacing\":{\"textAlign\":\"left\"}}},\"hash\":\"CgoxfacfP\"},\"link\":{\"value\":\"\",\"typeOpenLink\":\"sameWindow\",\"noFollow\":false,\"lightboxMedia\":\"\"},\"preserveSpace\":{\"text\":false},\"icon\":{\"name\":\"font-awesome\/arrow-right\"}} --><\/p>\n<p>\u00a0<\/p>\n<p><!-- \/wp:kubio\/read-more-button --><!-- \/wp:kubio\/column --><!-- \/wp:kubio\/row --><!-- \/wp:kubio\/column --><!-- \/wp:kubio\/row --><!-- \/wp:kubio\/query-loop-item --><!-- \/wp:kubio\/query-loop --><!-- \/wp:kubio\/query --><!-- \/wp:kubio\/column --><!-- \/wp:kubio\/row --><!-- \/wp:kubio\/section --><!-- wp:kubio\/section {\"kubio\":{\"styleRef\":\"5fGdzod8gH\",\"hash\":\"tiLDGub4bC\",\"style\":{\"descendants\":{\"outer\":{\"media\":{\"mobile\":{\"padding\":{\"top\":{\"value\":0,\"unit\":\"px\"}}}}}}}},\"attrs\":{\"name\":\"Section\"},\"anchor\":\"section\"} --><!-- wp:kubio\/row {\"kubio\":{\"styleRef\":\"z2jaNeltc\",\"props\":{\"layout\":{\"itemsPerRow\":1,\"custom\":[{\"type\":\"custom\",\"custom\":{\"value\":100,\"unit\":\"%\"}}],\"equalHeight\":true,\"equalWidth\":false}},\"hash\":\"1aZ3nV7FU\",\"style\":{\"descendants\":{\"container\":{\"media\":{\"tablet\":{\"background\":{\"type\":\"gradient\",\"image\":[{\"source\":{\"type\":\"gradient\",\"gradient\":\"linear-gradient(0deg,#fbc2eb 0%,#a6c1ee 100%)\"}}]}}}}}}}} --><!-- wp:kubio\/column {\"kubio\":{\"styleRef\":\"T2Z1fSGpWy\",\"_style\":{\"descendants\":{\"container\":{\"columnWidth\":{\"type\":\"custom\",\"custom\":{\"value\":100,\"unit\":\"%\"}}}}},\"hash\":\"fPbPQMz2Pf\"}} --><!-- wp:kubio\/text {\"kubio\":{\"styleRef\":\"9XO5Kzxbn\",\"hash\":\"G0sSIBAkOd\",\"style\":{\"descendants\":{\"text\":{\"textAlign\":\"center\"}}},\"props\":{\"isLead\":false,\"dropCap\":false}}} --><\/p>\n<p style=\"text-align: center;\"><em>FRANCE VOYANCE BONJOUR<br \/>11, rue de la Chine<br \/>75020 -Paris<br \/>01.43.66.62.25<\/em><br \/><em>francevoyancebonjour@hotmail.fr<\/em><\/p>\n<p><!-- \/wp:kubio\/text --><!-- wp:kubio\/text {\"kubio\":{\"styleRef\":\"9XO5Kzxbn\",\"hash\":\"xVAcG9mth\",\"style\":{\"descendants\":{\"text\":{\"textAlign\":\"center\"}}},\"props\":{\"isLead\":false,\"dropCap\":false}}} --><\/p>\n<p><a href=\"https:\/\/www.instagram.com\/france_voyance_bonjour\/\">Instagram<\/a><\/p>\n<p><!-- \/wp:kubio\/text --><!-- wp:kubio\/text {\"kubio\":{\"styleRef\":\"9XO5Kzxbn\",\"hash\":\"WfOJjX6Gx\",\"style\":{\"descendants\":{\"text\":{\"textAlign\":\"center\"}}},\"props\":{\"isLead\":false,\"dropCap\":false}}} --><\/p>\n<p><a href=\"https:\/\/www.facebook.com\/profile.php?id=100077578390451\">facebook<\/a><\/p>\n<p>\u00a0<\/p>\n<p><!-- \/wp:kubio\/text --><!-- \/wp:kubio\/column --><!-- \/wp:kubio\/row --><!-- \/wp:kubio\/section --><!-- wp:kubio\/section {\"kubio\":{\"styleRef\":\"-nJ_cKiRlr\",\"hash\":\"rGB_GdbS4_\"},\"attrs\":{\"name\":\"Section 1\"},\"anchor\":\"section-1\"} \/--><\/p>\t\t\t\t\t\t\t\t<\/div>\n\t\t\t\t<\/div>\n\t\t\t\t\t<\/div>\n\t\t<\/div>\n\t\t\t\t\t<\/div>\n\t\t<\/section>\n\t\t\t\t<\/div>\n\t\t","protected":false},"excerpt":{"rendered":"<p>Que vous soyez \u00e0 la recherche de r\u00e9ponses concernant vos relations affectives, votre carri\u00e8re professionnelle ou tout autre aspect de votre vie,France Voyance Bonjour est l\u00e0 pour vous accompagner. Notre \u00e9quipe de voyants travaille avec d\u00e9vouements et professionnalisme pour offrir des consultations personnalis\u00e9es et pr\u00e9cises adapt\u00e9es \u00e0 vos besoins sp\u00e9cifiques. En qu\u00eate constante de qualit\u00e9, [&hellip;]<\/p>\n","protected":false},"author":1,"featured_media":0,"parent":0,"menu_order":0,"comment_status":"open","ping_status":"closed","template":"","meta":{"advanced_seo_description":"","jetpack_seo_html_title":"","jetpack_seo_noindex":false,"jetpack_post_was_ever_published":false,"footnotes":""},"class_list":["post-18120","page","type-page","status-publish","hentry"],"jetpack_sharing_enabled":true,"jetpack_shortlink":"https:\/\/wp.me\/P582Vs-4Ig","_links":{"self":[{"href":"https:\/\/www.francevoyancebonjour.com\/index.php\/wp-json\/wp\/v2\/pages\/18120","targetHints":{"allow":["GET"]}}],"collection":[{"href":"https:\/\/www.francevoyancebonjour.com\/index.php\/wp-json\/wp\/v2\/pages"}],"about":[{"href":"https:\/\/www.francevoyancebonjour.com\/index.php\/wp-json\/wp\/v2\/types\/page"}],"author":[{"embeddable":true,"href":"https:\/\/www.francevoyancebonjour.com\/index.php\/wp-json\/wp\/v2\/users\/1"}],"replies":[{"embeddable":true,"href":"https:\/\/www.francevoyancebonjour.com\/index.php\/wp-json\/wp\/v2\/comments?post=18120"}],"version-history":[{"count":35,"href":"https:\/\/www.francevoyancebonjour.com\/index.php\/wp-json\/wp\/v2\/pages\/18120\/revisions"}],"predecessor-version":[{"id":18454,"href":"https:\/\/www.francevoyancebonjour.com\/index.php\/wp-json\/wp\/v2\/pages\/18120\/revisions\/18454"}],"wp:attachment":[{"href":"https:\/\/www.francevoyancebonjour.com\/index.php\/wp-json\/wp\/v2\/media?parent=18120"}],"curies":[{"name":"wp","href":"https:\/\/api.w.org\/{rel}","templated":true}]}}