{"id":151,"date":"2024-01-29T16:41:33","date_gmt":"2024-01-29T16:41:33","guid":{"rendered":"http:\/\/francevoyancebonjour.fr\/france-voyance-bonjour\/?page_id=151"},"modified":"2025-03-17T10:55:59","modified_gmt":"2025-03-17T10:55:59","slug":"carole","status":"publish","type":"page","link":"https:\/\/www.francevoyancebonjour.com\/index.php\/voyants\/carole\/","title":{"rendered":"CAROLE"},"content":{"rendered":"\t\t<div data-elementor-type=\"wp-page\" data-elementor-id=\"151\" class=\"elementor elementor-151\">\n\t\t\t\t\t\t<section class=\"elementor-section elementor-top-section elementor-element elementor-element-7d91b6c elementor-section-boxed elementor-section-height-default elementor-section-height-default\" data-id=\"7d91b6c\" data-element_type=\"section\" data-e-type=\"section\">\n\t\t\t\t\t\t<div class=\"elementor-container elementor-column-gap-default\">\n\t\t\t\t\t<div class=\"elementor-column elementor-col-100 elementor-top-column elementor-element elementor-element-4cc298f1\" data-id=\"4cc298f1\" data-element_type=\"column\" data-e-type=\"column\">\n\t\t\t<div class=\"elementor-widget-wrap elementor-element-populated\">\n\t\t\t\t\t\t<div class=\"elementor-element elementor-element-2478c73a elementor-drop-cap-yes elementor-drop-cap-view-default elementor-widget elementor-widget-text-editor\" data-id=\"2478c73a\" data-element_type=\"widget\" data-e-type=\"widget\" data-settings=\"{&quot;drop_cap&quot;:&quot;yes&quot;}\" data-widget_type=\"text-editor.default\">\n\t\t\t\t<div class=\"elementor-widget-container\">\n\t\t\t\t\t\t\t\t\t\n<p><\/p>\n\n<figure class=\"wp-block-image size-medium is-resized is-style-rounded\"><img decoding=\"async\" data-attachment-id=\"14408\" data-permalink=\"https:\/\/www.francevoyancebonjour.com\/index.php\/voyants\/carole\/carole-tirage\/\" data-orig-file=\"https:\/\/i0.wp.com\/www.francevoyancebonjour.com\/wp-content\/uploads\/2022\/08\/carole-tirage.jpg?fit=1017%2C1280&amp;ssl=1\" data-orig-size=\"1017,1280\" data-comments-opened=\"0\" data-image-meta=\"{&quot;aperture&quot;:&quot;0&quot;,&quot;credit&quot;:&quot;&quot;,&quot;camera&quot;:&quot;&quot;,&quot;caption&quot;:&quot;&quot;,&quot;created_timestamp&quot;:&quot;0&quot;,&quot;copyright&quot;:&quot;&quot;,&quot;focal_length&quot;:&quot;0&quot;,&quot;iso&quot;:&quot;0&quot;,&quot;shutter_speed&quot;:&quot;0&quot;,&quot;title&quot;:&quot;&quot;,&quot;orientation&quot;:&quot;0&quot;}\" data-image-title=\"carole tirage\" data-image-description=\"\" data-image-caption=\"\" data-large-file=\"https:\/\/i0.wp.com\/www.francevoyancebonjour.com\/wp-content\/uploads\/2022\/08\/carole-tirage.jpg?fit=814%2C1024&amp;ssl=1\" data-recalc-dims=\"1\" src=\"https:\/\/i0.wp.com\/www.francevoyancebonjour.com\/wp-content\/uploads\/2022\/08\/carole-tirage.jpg?resize=179%2C225&#038;ssl=1\" alt=\"\" class=\"wp-image-14408 aligncenter\" width=\"179\" height=\"225\" srcset=\"https:\/\/i0.wp.com\/www.francevoyancebonjour.com\/wp-content\/uploads\/2022\/08\/carole-tirage.jpg?w=1017&amp;ssl=1 1017w, https:\/\/i0.wp.com\/www.francevoyancebonjour.com\/wp-content\/uploads\/2022\/08\/carole-tirage.jpg?resize=238%2C300&amp;ssl=1 238w, https:\/\/i0.wp.com\/www.francevoyancebonjour.com\/wp-content\/uploads\/2022\/08\/carole-tirage.jpg?resize=814%2C1024&amp;ssl=1 814w, https:\/\/i0.wp.com\/www.francevoyancebonjour.com\/wp-content\/uploads\/2022\/08\/carole-tirage.jpg?resize=768%2C967&amp;ssl=1 768w, https:\/\/i0.wp.com\/www.francevoyancebonjour.com\/wp-content\/uploads\/2022\/08\/carole-tirage.jpg?resize=600%2C755&amp;ssl=1 600w, https:\/\/i0.wp.com\/www.francevoyancebonjour.com\/wp-content\/uploads\/2022\/08\/carole-tirage.jpg?resize=48%2C60&amp;ssl=1 48w\" sizes=\"(max-width: 179px) 100vw, 179px\" \/><\/figure>\n\n<p><strong>M\u00e9dium<\/strong>&#8211; <strong>Tarot<\/strong>&#8211; <strong>Oracle<\/strong><\/p>\n\n<h5 class=\"wp-block-heading\">Mon parcours sur le chemin de la voyance prend sa source dans l&rsquo;histoire familiale avec le sentiment fort que le destin en passe par le jour et l&rsquo;heure et la prise de conscience.<\/h5>\n\n<h5 class=\"has-medium-font-size wp-block-heading\" style=\"font-style: normal; font-weight: 600;\">Le na\u00eetre et le mourir dict\u00e9s par la destin\u00e9e semblent laisser peu de place \u00e0 notre vouloir et pourtant&#8230;<br \/>La roue de la fortune du tarot de Marseille prend l\u00e0 tout son sens, avanc\u00e9e, recul, \u00e9volution. Un simple jeu de tarot ordinaire fut mon premier r\u00e9v\u00e9lateur \u00e0 l&rsquo;\u00e2ge de 13 ans alors qu&rsquo;il s&rsquo;agissait pour moi d&rsquo;un amusement sans importance me fit dire ma premi\u00e8re pr\u00e9diction dont j&rsquo;eus rapidement le retour d&rsquo;exactitude par la personne concern\u00e9e par le tirage des cartes.<\/h5>\n\n<h5 class=\"has-medium-font-size wp-block-heading\" style=\"font-style: normal; font-weight: 600;\">L&rsquo;astrologie et la radiesth\u00e9sie m&rsquo;ont passionn\u00e9e mais les tarots ont la faveur, le Belline, le Marseille, l&rsquo;Indira et d&rsquo;autres <strong>oracles<\/strong> me ram\u00e8nent sans conteste \u00e0 l&rsquo;ailleurs par les images du monde de l&rsquo;enfance. Mes tarots m&rsquo;ont sauv\u00e9 la vie en me proposant d&rsquo;en changer et de sauter \u00e0 pieds joints dans l&rsquo;inconnu comme le roi des aulnes ou bien l&rsquo;homme qui voulait \u00eatre roi ou bien encore \u00ab\u00a0Odradek \u00ab\u00a0beau conte de Franz KAFKA.<\/h5>\n\n<p><\/p>\n\t\t\t\t\t\t\t\t<\/div>\n\t\t\t\t<\/div>\n\t\t\t\t\t<\/div>\n\t\t<\/div>\n\t\t\t\t\t<\/div>\n\t\t<\/section>\n\t\t\t\t<section class=\"elementor-section elementor-top-section elementor-element elementor-element-c9c9641 elementor-section-boxed elementor-section-height-default elementor-section-height-default\" data-id=\"c9c9641\" data-element_type=\"section\" data-e-type=\"section\">\n\t\t\t\t\t\t<div class=\"elementor-container elementor-column-gap-default\">\n\t\t\t\t\t<div class=\"elementor-column elementor-col-100 elementor-top-column elementor-element elementor-element-2158b36\" data-id=\"2158b36\" data-element_type=\"column\" data-e-type=\"column\">\n\t\t\t<div class=\"elementor-widget-wrap elementor-element-populated\">\n\t\t\t\t\t\t<div class=\"elementor-element elementor-element-93b7687 elementor-widget elementor-widget-testimonial\" data-id=\"93b7687\" data-element_type=\"widget\" data-e-type=\"widget\" data-widget_type=\"testimonial.default\">\n\t\t\t\t<div class=\"elementor-widget-container\">\n\t\t\t\t\t\t\t<div class=\"elementor-testimonial-wrapper\">\n\t\t\t\t\t\t\t<div class=\"elementor-testimonial-content\">La franchise et l\u2019honn\u00eatet\u00e9 de Carole m\u2019ont imm\u00e9diatement pl\u00fbt, elle a su me dire quel chemin je devais emprunter pour m\u2019\u00e9panouir professionnellement, son ressenti \u00e9tait clair et juste. J\u2019ai trouv\u00e9 une formation qui \u00e0 d\u00e9bouch\u00e9e sur une embauche ! Un grand merci \u00e0 elle.\n\n<\/div>\n\t\t\t\n\t\t\t\t\t\t<div class=\"elementor-testimonial-meta elementor-has-image elementor-testimonial-image-position-aside\">\n\t\t\t\t<div class=\"elementor-testimonial-meta-inner\">\n\t\t\t\t\t\t\t\t\t\t\t<div class=\"elementor-testimonial-image\">\n\t\t\t\t\t\t\t<img fetchpriority=\"high\" decoding=\"async\" data-attachment-id=\"14571\" data-permalink=\"https:\/\/www.francevoyancebonjour.com\/index.php\/le-soleil\/6d1a0d60e7e99ad1b201c1aa4fd09c79\/\" data-orig-file=\"https:\/\/i0.wp.com\/www.francevoyancebonjour.com\/wp-content\/uploads\/2022\/08\/6d1a0d60e7e99ad1b201c1aa4fd09c79.jpg?fit=250%2C250&amp;ssl=1\" data-orig-size=\"250,250\" data-comments-opened=\"0\" data-image-meta=\"{&quot;aperture&quot;:&quot;0&quot;,&quot;credit&quot;:&quot;&quot;,&quot;camera&quot;:&quot;&quot;,&quot;caption&quot;:&quot;&quot;,&quot;created_timestamp&quot;:&quot;0&quot;,&quot;copyright&quot;:&quot;&quot;,&quot;focal_length&quot;:&quot;0&quot;,&quot;iso&quot;:&quot;0&quot;,&quot;shutter_speed&quot;:&quot;0&quot;,&quot;title&quot;:&quot;&quot;,&quot;orientation&quot;:&quot;0&quot;}\" data-image-title=\"6d1a0d60e7e99ad1b201c1aa4fd09c79\" data-image-description=\"\" data-image-caption=\"\" data-large-file=\"https:\/\/i0.wp.com\/www.francevoyancebonjour.com\/wp-content\/uploads\/2022\/08\/6d1a0d60e7e99ad1b201c1aa4fd09c79.jpg?fit=250%2C250&amp;ssl=1\" width=\"250\" height=\"250\" src=\"https:\/\/i0.wp.com\/www.francevoyancebonjour.com\/wp-content\/uploads\/2022\/08\/6d1a0d60e7e99ad1b201c1aa4fd09c79.jpg?fit=250%2C250&amp;ssl=1\" class=\"attachment-full size-full wp-image-14571\" alt=\"\" data-attachment-id=\"14571\" data-permalink=\"https:\/\/www.francevoyancebonjour.com\/index.php\/le-soleil\/6d1a0d60e7e99ad1b201c1aa4fd09c79\/\" data-orig-file=\"https:\/\/i0.wp.com\/www.francevoyancebonjour.com\/wp-content\/uploads\/2022\/08\/6d1a0d60e7e99ad1b201c1aa4fd09c79.jpg?fit=250%2C250&amp;ssl=1\" data-orig-size=\"250,250\" data-comments-opened=\"0\" data-image-meta=\"{&quot;aperture&quot;:&quot;0&quot;,&quot;credit&quot;:&quot;&quot;,&quot;camera&quot;:&quot;&quot;,&quot;caption&quot;:&quot;&quot;,&quot;created_timestamp&quot;:&quot;0&quot;,&quot;copyright&quot;:&quot;&quot;,&quot;focal_length&quot;:&quot;0&quot;,&quot;iso&quot;:&quot;0&quot;,&quot;shutter_speed&quot;:&quot;0&quot;,&quot;title&quot;:&quot;&quot;,&quot;orientation&quot;:&quot;0&quot;}\" data-image-title=\"6d1a0d60e7e99ad1b201c1aa4fd09c79\" data-image-description=\"\" data-image-caption=\"\" data-large-file=\"https:\/\/i0.wp.com\/www.francevoyancebonjour.com\/wp-content\/uploads\/2022\/08\/6d1a0d60e7e99ad1b201c1aa4fd09c79.jpg?fit=250%2C250&amp;ssl=1\" srcset=\"https:\/\/i0.wp.com\/www.francevoyancebonjour.com\/wp-content\/uploads\/2022\/08\/6d1a0d60e7e99ad1b201c1aa4fd09c79.jpg?w=250&amp;ssl=1 250w, https:\/\/i0.wp.com\/www.francevoyancebonjour.com\/wp-content\/uploads\/2022\/08\/6d1a0d60e7e99ad1b201c1aa4fd09c79.jpg?resize=150%2C150&amp;ssl=1 150w, https:\/\/i0.wp.com\/www.francevoyancebonjour.com\/wp-content\/uploads\/2022\/08\/6d1a0d60e7e99ad1b201c1aa4fd09c79.jpg?resize=60%2C60&amp;ssl=1 60w\" sizes=\"(max-width: 250px) 100vw, 250px\" \/>\t\t\t\t\t\t<\/div>\n\t\t\t\t\t\n\t\t\t\t\t\t\t\t\t<\/div>\n\t\t\t<\/div>\n\t\t\t\t\t<\/div>\n\t\t\t\t\t\t<\/div>\n\t\t\t\t<\/div>\n\t\t\t\t\t<\/div>\n\t\t<\/div>\n\t\t\t\t\t<\/div>\n\t\t<\/section>\n\t\t\t\t<\/div>\n\t\t","protected":false},"excerpt":{"rendered":"<p>M\u00e9dium&#8211; Tarot&#8211; Oracle Mon parcours sur le chemin de la voyance prend sa source dans l&rsquo;histoire familiale avec le sentiment fort que le destin en passe par le jour et l&rsquo;heure et la prise de conscience. Le na\u00eetre et le mourir dict\u00e9s par la destin\u00e9e semblent laisser peu de place \u00e0 notre vouloir et pourtant&#8230;La [&hellip;]<\/p>\n","protected":false},"author":1,"featured_media":13530,"parent":106,"menu_order":3,"comment_status":"closed","ping_status":"closed","template":"full-width","meta":{"advanced_seo_description":"","jetpack_seo_html_title":"","jetpack_seo_noindex":false,"jetpack_post_was_ever_published":false,"footnotes":""},"class_list":["post-151","page","type-page","status-publish","has-post-thumbnail","hentry"],"jetpack_sharing_enabled":false,"jetpack_shortlink":"https:\/\/wp.me\/P582Vs-2r","_links":{"self":[{"href":"https:\/\/www.francevoyancebonjour.com\/index.php\/wp-json\/wp\/v2\/pages\/151","targetHints":{"allow":["GET"]}}],"collection":[{"href":"https:\/\/www.francevoyancebonjour.com\/index.php\/wp-json\/wp\/v2\/pages"}],"about":[{"href":"https:\/\/www.francevoyancebonjour.com\/index.php\/wp-json\/wp\/v2\/types\/page"}],"author":[{"embeddable":true,"href":"https:\/\/www.francevoyancebonjour.com\/index.php\/wp-json\/wp\/v2\/users\/1"}],"replies":[{"embeddable":true,"href":"https:\/\/www.francevoyancebonjour.com\/index.php\/wp-json\/wp\/v2\/comments?post=151"}],"version-history":[{"count":50,"href":"https:\/\/www.francevoyancebonjour.com\/index.php\/wp-json\/wp\/v2\/pages\/151\/revisions"}],"predecessor-version":[{"id":18223,"href":"https:\/\/www.francevoyancebonjour.com\/index.php\/wp-json\/wp\/v2\/pages\/151\/revisions\/18223"}],"up":[{"embeddable":true,"href":"https:\/\/www.francevoyancebonjour.com\/index.php\/wp-json\/wp\/v2\/pages\/106"}],"wp:featuredmedia":[{"embeddable":true,"href":"https:\/\/www.francevoyancebonjour.com\/index.php\/wp-json\/wp\/v2\/media\/13530"}],"wp:attachment":[{"href":"https:\/\/www.francevoyancebonjour.com\/index.php\/wp-json\/wp\/v2\/media?parent=151"}],"curies":[{"name":"wp","href":"https:\/\/api.w.org\/{rel}","templated":true}]}}